{"id":5292,"date":"2019-09-15T00:00:35","date_gmt":"2019-09-14T22:00:35","guid":{"rendered":"https:\/\/skarsnutenhotell.no\/privacy-policy\/"},"modified":"2019-10-02T12:27:24","modified_gmt":"2019-10-02T10:27:24","slug":"privacy-policy","status":"publish","type":"page","link":"https:\/\/skarsnutenhotel.no\/en\/privacy-policy\/","title":{"rendered":"Privacy Policy"},"content":{"rendered":"\t\t<div data-elementor-type=\"wp-post\" data-elementor-id=\"5292\" class=\"elementor elementor-5292 elementor-3589\" data-elementor-post-type=\"page\">\n\t\t\t\t\t\t<section class=\"elementor-section elementor-top-section elementor-element elementor-element-f750d34 elementor-section-stretched elementor-section-height-min-height elementor-section-boxed elementor-section-height-default elementor-section-items-middle\" data-id=\"f750d34\" data-element_type=\"section\" data-e-type=\"section\" data-settings=\"{&quot;stretch_section&quot;:&quot;section-stretched&quot;,&quot;background_background&quot;:&quot;classic&quot;}\">\n\t\t\t\t\t\t\t<div class=\"elementor-background-overlay\"><\/div>\n\t\t\t\t\t\t\t<div class=\"elementor-container elementor-column-gap-default\">\n\t\t\t\t\t<div class=\"elementor-column elementor-col-100 elementor-top-column elementor-element elementor-element-ad66a58\" data-id=\"ad66a58\" data-element_type=\"column\" data-e-type=\"column\">\n\t\t\t<div class=\"elementor-widget-wrap elementor-element-populated\">\n\t\t\t\t\t\t<div class=\"elementor-element elementor-element-6fa49f2 elementor-widget elementor-widget-heading\" data-id=\"6fa49f2\" data-element_type=\"widget\" data-e-type=\"widget\" data-widget_type=\"heading.default\">\n\t\t\t\t<div class=\"elementor-widget-container\">\n\t\t\t\t\t<h1 class=\"elementor-heading-title elementor-size-default\"> Privacy Policy<\/h1>\t\t\t\t<\/div>\n\t\t\t\t<\/div>\n\t\t\t\t<div class=\"elementor-element elementor-element-67d001e elementor-widget-divider--view-line elementor-widget elementor-widget-global elementor-global-4879 elementor-widget-divider\" data-id=\"67d001e\" data-element_type=\"widget\" data-e-type=\"widget\" data-widget_type=\"divider.default\">\n\t\t\t\t<div class=\"elementor-widget-container\">\n\t\t\t\t\t\t\t<div class=\"elementor-divider\">\n\t\t\t<span class=\"elementor-divider-separator\">\n\t\t\t\t\t\t<\/span>\n\t\t<\/div>\n\t\t\t\t\t\t<\/div>\n\t\t\t\t<\/div>\n\t\t\t\t\t<\/div>\n\t\t<\/div>\n\t\t\t\t\t<\/div>\n\t\t<\/section>\n\t\t\t\t<section class=\"elementor-section elementor-top-section elementor-element elementor-element-e10f02c elementor-section-boxed elementor-section-height-default elementor-section-height-default\" data-id=\"e10f02c\" data-element_type=\"section\" data-e-type=\"section\">\n\t\t\t\t\t\t<div class=\"elementor-container elementor-column-gap-default\">\n\t\t\t\t\t<div class=\"elementor-column elementor-col-100 elementor-top-column elementor-element elementor-element-674e4d32\" data-id=\"674e4d32\" data-element_type=\"column\" data-e-type=\"column\">\n\t\t\t<div class=\"elementor-widget-wrap elementor-element-populated\">\n\t\t\t\t\t\t<div class=\"elementor-element elementor-element-248d482a elementor-widget elementor-widget-text-editor\" data-id=\"248d482a\" data-element_type=\"widget\" data-e-type=\"widget\" data-widget_type=\"text-editor.default\">\n\t\t\t\t<div class=\"elementor-widget-container\">\n\t\t\t\t\t\t\t\t\t<h2>Hvem vi er<\/h2>\n<p>V\u00e5r nettstedsadresse er: https:\/\/skarsnutenhotel.no\/<\/p>\n<p>\u00a0<\/p>\n<h2>Hvilke personopplysninger vi samler inn og hvorfor vi samler de inn<\/h2>\n<h4>Kommentarer<\/h4>\n<p>N\u00e5r bes\u00f8kende legger inn kommentarer p\u00e5 siden, lagres informasjonen gitt inn i kommentarskjemaet i tillegg til IP-adressen til den bes\u00f8kende og den bes\u00f8kendes nettleserversjon. Dette gj\u00f8res for \u00e5 bidra til \u00e5 unng\u00e5 useri\u00f8se kommentarer.<\/p>\n<p>En anonym tekststreng generert p\u00e5 grunnlag av e-postadressen din (ogs\u00e5 kalt en \u00abhash\u00bb) kan bli sendt til tjenesten Gravatar for \u00e5 unders\u00f8ke om du har en konto der. Personvernerkl\u00e6ringen til Gravatar ligger her: https:\/\/automattic.com\/privacy\/. Etter at kommentaren din er blitt godkjent, vil profilbildet ditt v\u00e6re synlig for hvem som helst i forbindelse med kommentaren din.<\/p>\n<p>\u00a0<\/p>\n<h4>Media<\/h4>\n<p>Hvis du laster opp bilder til nettstedet, b\u00f8r du unng\u00e5 \u00e5 laste opp bilder som inneholder informasjon om stedet det er tatt (EXIF GPS). Bes\u00f8kende p\u00e5 siden kan laste ned og hente ut slik informasjon fra bilder p\u00e5 siden.<\/p>\n<div>\u00a0<\/div>\n<h4>Informasjonskapsler<\/h4>\n<p>Hvis du legger inn en kommentar p\u00e5 dette nettstedet, kan du be oss om \u00e5 huske navn, e-post og nettsted. Denne informasjonen lagres i en informasjonskapsel og er der for \u00e5 gj\u00f8re ting lettere for deg. Du trenger da ikke \u00e5 gi inn denne informasjonen p\u00e5 nytt neste gang du legger inn en kommentar. Disse informasjonskapslene utl\u00f8per etter ett \u00e5r.<\/p>\n<p>Hvis du har en konto og logger deg inn p\u00e5 dette nettstedet, vil vi opprette en midlertidig informasjonskapsel for \u00e5 avgj\u00f8re om nettleseren din st\u00f8tter bruk av dette. Denne informasjonskapselen innholder ingen personopplysninger og forsvinner s\u00e5 snart du lukker nettleseren din.<\/p>\n<p>N\u00e5r du logger deg inn, blir det opprettet informasjonskapsler som lagrer innloggingsinformasjonen din og valg du har tatt n\u00e5r det gjelder hvordan innhold skal vises. Informasjonskapsler med innloggingsinformasjon utl\u00f8per etter to dager, mens de med visningsvalg varer i ett \u00e5r. Hvis du krysser av for &amp;lauot;Husk meg\u00bbt;, vil innloggingsinformasjonen din oppbevares i to uker. Hvis du logger deg ut av kontoen din, vil disse informasjonskapslene forsvinne.<\/p>\n<p>Hvis du redigerer eller publiserer en artikkel, vil ytterligere en informasjonskapsel bli lagret i nettleseren din. Denne informasjonskapselen inneholder ingen personopplysninger, men bare ID-en til artikkelen du nettopp redigerte. Den utl\u00f8per etter \u00e9n dag.<\/p>\n<p>\u00a0<\/p>\n<h4>Innebygd innhold fra andre nettsteder<\/h4>\n<p>Artikler p\u00e5 denne siden kan inkludere innebygd innhold (f.eks. videoer, bilder, artikler osv.). Innebygd innhold fra andre nettsteder oppf\u00f8rer seg p\u00e5 n\u00f8yaktig samme m\u00e5te som om den bes\u00f8kende hadde bes\u00f8kt nettstedet som det innebygde innholdet kommer fra.<\/p>\n<p>Disse nettstedene kan samle inn opplysninger om deg, bruke informasjonskapsler, bygge inn sporingssystemer fra tredjeparter og overv\u00e5ke hva du gj\u00f8r via dette innebygde innholdet. Dette omfatter ogs\u00e5 sporing av handlingene dine via det innebygde innholdet dersom du har en konto og er logget inn p\u00e5 nettstedet.<\/p>\n<p>\u00a0<\/p>\n<h4>Analyse<\/h4>\n<div>\u00a0<\/div>\n<h2>Hvem vi deler dine opplysninger med<\/h2>\n<div>Vi deler ingen opplysninger til andre bedrifter eller privatpersoner.<\/div>\n<h2>\u00a0<\/h2>\n<h2>Hvor lenge vi oppbevarer opplysninger om deg<\/h2>\n<p>Hvis du legger igjen en kommentar, blir kommentaren og informasjon om kommentaren lagret p\u00e5 ubestemt tid. Dette er for at vi kan gjenkjenne oppf\u00f8lgingskommentarer og godkjenne dem automatisk i stedet for \u00e5 legge dem i en k\u00f8 der de m\u00e5 godkjennes manuelt av en redakt\u00f8r.<\/p>\n<p>For brukere som registrerer seg p\u00e5 dette nettstedet (dersom denne muligheten eksisterer), lagres det ogs\u00e5 personopplysninger som de oppgir i brukerprofilen sin. Alle brukere kan se, redigere og slette sine egne personopplysninger n\u00e5r som helst (bortsett fra brukernavn). Nettstedets administratorer kan ogs\u00e5 se og redigere denne informasjonen.<\/p>\n<p>\u00a0<\/p>\n<h2>Rettighetene dine n\u00e5r det gjelder opplysninger vi har om deg<\/h2>\n<p>Hvis du har en konto p\u00e5 dette nettstedet eller har lagt igjen kommentarer, kan du be om \u00e5 f\u00e5 en eksportfil som inneholder personopplysningene vi har om deg. Dette omfatter all data du har gitt oss. Du kan ogs\u00e5 be om at vi sletter alle personopplysninger vi har om deg. Dette omfatter ikke opplysninger vi er p\u00e5lagt \u00e5 lagre av administrative, juridiske eller sikkerhetsmessige \u00e5rsaker.<\/p>\n<p>\u00a0<\/p>\n<h2>Hvor vi sender opplysninger om deg<\/h2>\n<p>Bes\u00f8kendes kommentarer kan bli kontrollert gjennom en automatisk gjenkjennelsestjeneste mot s\u00f8ppelkommentarer.<\/p>\n<p>\u00a0<\/p>\n<h2>Tilleggsinformasjon<\/h2>\n<p class=\"Pv\"><!-- [if !supportLists]--><strong>1.<span style=\"font-variant-numeric: normal; font-variant-east-asian: normal; font-stretch: normal; font-size: 7pt; line-height: normal; font-family: 'Times New Roman';\">\u00a0\u00a0\u00a0\u00a0\u00a0\u00a0 <\/span><!--[endif]-->Kontaktpersoner hos eksisterende og potensielle bedriftskunder<\/strong><\/p>\n<p class=\"MsoNormal\">Vi behandler opplysninger om kontaktpersoner hos eksisterende og potensielle bedriftskunder for markedsf\u00f8ring, salg, administrasjon, dokumentasjon og oppf\u00f8lgning.\u00a0Behandlingen av personopplysninger er basert p\u00e5 v\u00e5r berettigede interesse som best\u00e5r i behovet for \u00e5 selge v\u00e5re varer og tjenester. Vi lagrer og utleverer opplysninger ogs\u00e5 der vi har en rettslig forpliktelse til det, for eksempel etter bokf\u00f8ringsloven og skatteforvaltningsloven.\u00a0Det er frivillig for kontaktpersoner om de vil gi oss kontaktopplysninger, men av og til er det en betingelse for \u00e5 inng\u00e5 avtale at vi mottar de opplysningene vi trenger. Henter vi inn personopplysninger fra andre, vil det som regel v\u00e6re snakk om kontaktopplysninger, stilling, funksjon og arbeidsgiver. Kilde for opplysninger vil oftest v\u00e6re kontaktpersonens arbeidsgiver.\u00a0Vi kan lagre opplysninger s\u00e5 lenge vi mener det kan bli bruk for dem, for eksempel for \u00e5 dokumentere forhold rundt salg.<\/p>\n<p class=\"MsoNormal\">\u00a0<\/p>\n<p><!-- [if !supportLists]--><strong>2.<span style=\"font-variant-numeric: normal; font-variant-east-asian: normal; font-stretch: normal; font-size: 7pt; line-height: normal; font-family: 'Times New Roman';\">\u00a0\u00a0\u00a0\u00a0\u00a0\u00a0 <\/span><!--[endif]-->Kontaktpersoner hos eksisterende og potensielle leverand\u00f8rer<\/strong><\/p>\n<p class=\"MsoNormal\">Vi behandler personopplysninger om kontaktpersoner hos eksisterende og potensielle leverand\u00f8rer for forberedelser, administrasjon, dokumentasjon og oppf\u00f8lgning.\u00a0Behandlingen av personopplysninger er basert p\u00e5 v\u00e5r berettigede interesse som best\u00e5r i behovet for \u00e5 kj\u00f8pe varer og tjenester. Vi lagrer og utleverer opplysninger ogs\u00e5 der vi har en rettslig forpliktelse til det, for eksempel etter bokf\u00f8ringsloven og skatteforvaltningsloven.\u00a0Det er frivillig for kontaktpersoner om de vil gi oss kontaktopplysninger, men av og til er det en betingelse for \u00e5 inng\u00e5 avtale at vi mottar de opplysningene vi trenger.\u00a0Vi kan lagre opplysninger s\u00e5 lenge vi mener det kan bli bruk for dem, for eksempel for \u00e5 dokumentere forhold rundt innkj\u00f8p.<\/p>\n<p class=\"MsoNormal\">\u00a0<\/p>\n<p class=\"PvCxSpLast\"><!-- [if !supportLists]--><strong>3.<span style=\"font-variant-numeric: normal; font-variant-east-asian: normal; font-stretch: normal; font-size: 7pt; line-height: normal; font-family: 'Times New Roman';\">\u00a0\u00a0\u00a0\u00a0\u00a0\u00a0 <\/span><!--[endif]-->Ansatte<\/strong><\/p>\n<p class=\"MsoNormal\">Vi behandler personopplysninger om v\u00e5re ansatte for \u00e5 administrere v\u00e5rt personale, for \u00e5 organisere virksomheten v\u00e5r, samt \u00e5 overholde lovkrav.\u00a0Behandlingen av personopplysninger er basert p\u00e5 v\u00e5r berettigede interesse som f\u00f8lger av at vi er arbeidsgiver. Vi behandler opplysninger ogs\u00e5 fordi vi er rettslig forpliktet til det, for eksempel til \u00e5 utlevere og lagre opplysninger etter bokf\u00f8ringsloven, skatteforvaltningsloven og a-opplysningsloven. Noen f\u00e5 opplysninger m\u00e5 vi behandle for \u00e5 oppfylle forpliktelser vi har i avtalen med de ansatte.\u00a0Ansatte er n\u00f8dt til \u00e5 gi oss de opplysningene vi trenger for form\u00e5lene nevnt ovenfor.\u00a0Opplysninger blir lagret hos oss i elektroniske \u00abPLANDAY\u00bb personalmapper. Opplysninger er tilgjengelig kun for n\u00e6rmeste leder og daglig leder. Opplysninger om navn og kontaktdetaljer er tilgjengelige for \u00f8vrige ansatte. Vi oppbevarer opplysninger s\u00e5 lenge ansettelsen varer.\u00a0Vi gir BS Regnskap (v\u00e5r databehandler) de opplysningene som er n\u00f8dvendige for \u00e5 administrere utbetaling av l\u00f8nn, feriepenger, refusjoner og andre ytelser, samt rapportering til offentlige myndigheter om arbeids- og inntektsforhold.<\/p>\n<p class=\"MsoNormal\">\u00a0<\/p>\n<p class=\"Pv\"><!-- [if !supportLists]--><strong>4.<span style=\"font-variant-numeric: normal; font-variant-east-asian: normal; font-stretch: normal; font-size: 7pt; line-height: normal; font-family: 'Times New Roman';\">\u00a0\u00a0\u00a0\u00a0\u00a0\u00a0 <\/span><!--[endif]-->Tidligere ansatte<\/strong><\/p>\n<p class=\"MsoNormal\">Vi behandler personopplysninger om tidligere ansatte for \u00e5 kunne dokumentere v\u00e5r etterlevelse av plikter som arbeidsgiver hvis det skulle bli n\u00f8dvendig. Opplysninger om tidligere ansatte vil ogs\u00e5 fremg\u00e5 av avtaler, korrespondanse og annen dokumentasjon vi lagrer og bruker som del av virksomheten v\u00e5r.\u00a0Behandlingen av personopplysninger er basert p\u00e5 v\u00e5r berettigede interesse i \u00e5 dokumentere v\u00e5r saksbehandling i egenskap av arbeidsgiver. Vi behandler opplysninger ogs\u00e5 fordi vi er rettslig forpliktet til det, for eksempel til \u00e5 utlevere og lagre opplysninger etter bokf\u00f8ringsloven, skatteforvaltningsloven og a-opplysningsloven.\u00a0Vi lagrer opplysninger om personalforhold i inntil 10 \u00e5r etter at ansettelsesforholdet opph\u00f8rte. Opplysninger om at en person har jobbet hos oss og hvor lenge, lagrer vi i ubestemt tid.<b><\/b><\/p>\n<p class=\"MsoNormal\">\u00a0<\/p>\n<p class=\"Pv\"><!-- [if !supportLists]--><strong>5.<span style=\"font-variant-numeric: normal; font-variant-east-asian: normal; font-stretch: normal; font-size: 7pt; line-height: normal; font-family: 'Times New Roman';\">\u00a0\u00a0\u00a0\u00a0\u00a0\u00a0 <\/span><!--[endif]-->Jobbs\u00f8kere<\/strong><\/p>\n<p class=\"MsoNormal\">Vi behandler personopplysninger om jobbs\u00f8kere for \u00e5 vurdere om de er egnet for den jobben de har s\u00f8kt p\u00e5.\u00a0Behandlingen av personopplysninger er basert p\u00e5 v\u00e5r berettigede interesse i \u00e5 ansette og i \u00e5 dokumentere ansettelsesprosessen.\u00a0Det er frivillig \u00e5 gi oss opplysninger. De opplysningene du velger \u00e5 gi oss, vil ha betydning for v\u00e5r vurdering av s\u00f8knaden.\u00a0Vi lagrer opplysninger i inntil ett \u00e5r etter at ansettelsesprosessen er avsluttet.<b><\/b><\/p>\n<p class=\"MsoNormal\">\u00a0<\/p>\n<p class=\"Pv\"><a name=\"_Toc517345521\"><\/a><!-- [if !supportLists]--><strong>6.<span style=\"font-variant-numeric: normal; font-variant-east-asian: normal; font-stretch: normal; font-size: 7pt; line-height: normal; font-family: 'Times New Roman';\">\u00a0\u00a0\u00a0\u00a0\u00a0\u00a0 <\/span><!--[endif]-->Rettigheter for de registrerte<\/strong><\/p>\n<p class=\"MsoNormal\">Du kan lese om dine rettigheter som registrert p\u00e5 <span class=\"MsoHyperlink\"><a href=\"https:\/\/www.datatilsynet.no\/om-datatilsynet\/personvernerklaering-nettsidene\/#dine-rettigheter\">Datatilsynets nettside<\/a><\/span>.<\/p>\n<p class=\"MsoNormal\">\u00a0<\/p>\n<p class=\"Pv\"><a name=\"_Toc517345522\"><\/a><!-- [if !supportLists]--><strong>7.<span style=\"font-variant-numeric: normal; font-variant-east-asian: normal; font-stretch: normal; font-size: 7pt; line-height: normal; font-family: 'Times New Roman';\">\u00a0\u00a0\u00a0\u00a0\u00a0\u00a0 <\/span><!--[endif]-->Behandlingsansvarlige og kontaktinformasjon<\/strong><\/p>\n<p class=\"MsoNormal\">Behandlingsansvarlig er Skarsnuten hotelldrift as (org. nr. 986\u00a0181 342). <br \/>V\u00e5r postadresse er Pb 110, 3561 Hemsedal. <br \/>Du kan ogs\u00e5 kontakte oss pr e-post booking@skarsnutenhotel.no <br \/>eller telefon +47 32061700.<\/p>\n\t\t\t\t\t\t\t\t<\/div>\n\t\t\t\t<\/div>\n\t\t\t\t\t<\/div>\n\t\t<\/div>\n\t\t\t\t\t<\/div>\n\t\t<\/section>\n\t\t\t\t<\/div>\n\t\t","protected":false},"excerpt":{"rendered":"<p>Privacy Policy Hvem vi er V\u00e5r nettstedsadresse er: https:\/\/skarsnutenhotell.no\/ \u00a0 Hvilke personopplysninger vi samler inn og hvorfor vi samler de inn Kommentarer N\u00e5r bes\u00f8kende legger inn kommentarer p\u00e5 siden, lagres informasjonen gitt inn i kommentarskjemaet i tillegg til IP-adressen til den bes\u00f8kende og den bes\u00f8kendes nettleserversjon. Dette gj\u00f8res for \u00e5 bidra til \u00e5 unng\u00e5 useri\u00f8se [&hellip;]<\/p>\n","protected":false},"author":8187,"featured_media":0,"parent":0,"menu_order":32,"comment_status":"closed","ping_status":"closed","template":"","meta":{"_acf_changed":false,"footnotes":""},"class_list":["post-5292","page","type-page","status-publish","hentry"],"acf":[],"yoast_head":"<!-- This site is optimized with the Yoast SEO plugin v27.5 - https:\/\/yoast.com\/product\/yoast-seo-wordpress\/ -->\n<title>Privacy Policy - Skarsnuten Hotel<\/title>\n<meta name=\"robots\" content=\"index, follow, max-snippet:-1, max-image-preview:large, max-video-preview:-1\" \/>\n<link rel=\"canonical\" href=\"https:\/\/skarsnutenhotel.no\/en\/privacy-policy\/\" \/>\n<meta property=\"og:locale\" content=\"en_US\" \/>\n<meta property=\"og:type\" content=\"article\" \/>\n<meta property=\"og:title\" content=\"Privacy Policy - Skarsnuten Hotel\" \/>\n<meta property=\"og:description\" content=\"Privacy Policy Hvem vi er V\u00e5r nettstedsadresse er: https:\/\/skarsnutenhotell.no\/ \u00a0 Hvilke personopplysninger vi samler inn og hvorfor vi samler de inn Kommentarer N\u00e5r bes\u00f8kende legger inn kommentarer p\u00e5 siden, lagres informasjonen gitt inn i kommentarskjemaet i tillegg til IP-adressen til den bes\u00f8kende og den bes\u00f8kendes nettleserversjon. Dette gj\u00f8res for \u00e5 bidra til \u00e5 unng\u00e5 useri\u00f8se [&hellip;]\" \/>\n<meta property=\"og:url\" content=\"https:\/\/skarsnutenhotel.no\/en\/privacy-policy\/\" \/>\n<meta property=\"og:site_name\" content=\"Skarsnuten Hotel\" \/>\n<meta property=\"article:publisher\" content=\"https:\/\/www.facebook.com\/skarsnuten\" \/>\n<meta property=\"article:modified_time\" content=\"2019-10-02T10:27:24+00:00\" \/>\n<meta property=\"og:image\" content=\"https:\/\/skarsnutenhotel.no\/wp-content\/uploads\/2019\/09\/Hemsedal-ht022010-99-540_1920-%20Foto_Nils-Erik_Bj\u00f8rholt-1.jpg\" \/>\n\t<meta property=\"og:image:width\" content=\"1920\" \/>\n\t<meta property=\"og:image:height\" content=\"1280\" \/>\n\t<meta property=\"og:image:type\" content=\"image\/jpeg\" \/>\n<meta name=\"twitter:card\" content=\"summary_large_image\" \/>\n<meta name=\"twitter:label1\" content=\"Est. reading time\" \/>\n\t<meta name=\"twitter:data1\" content=\"7 minutes\" \/>\n<script type=\"application\/ld+json\" class=\"yoast-schema-graph\">{\"@context\":\"https:\\\/\\\/schema.org\",\"@graph\":[{\"@type\":\"WebPage\",\"@id\":\"https:\\\/\\\/skarsnutenhotel.no\\\/en\\\/privacy-policy\\\/\",\"url\":\"https:\\\/\\\/skarsnutenhotel.no\\\/en\\\/privacy-policy\\\/\",\"name\":\"Privacy Policy - Skarsnuten Hotel\",\"isPartOf\":{\"@id\":\"https:\\\/\\\/skarsnutenhotel.no\\\/#website\"},\"datePublished\":\"2019-09-14T22:00:35+00:00\",\"dateModified\":\"2019-10-02T10:27:24+00:00\",\"breadcrumb\":{\"@id\":\"https:\\\/\\\/skarsnutenhotel.no\\\/en\\\/privacy-policy\\\/#breadcrumb\"},\"inLanguage\":\"en-US\",\"potentialAction\":[{\"@type\":\"ReadAction\",\"target\":[\"https:\\\/\\\/skarsnutenhotel.no\\\/en\\\/privacy-policy\\\/\"]}]},{\"@type\":\"BreadcrumbList\",\"@id\":\"https:\\\/\\\/skarsnutenhotel.no\\\/en\\\/privacy-policy\\\/#breadcrumb\",\"itemListElement\":[{\"@type\":\"ListItem\",\"position\":1,\"name\":\"Hjem\",\"item\":\"https:\\\/\\\/skarsnutenhotel.no\\\/\"},{\"@type\":\"ListItem\",\"position\":2,\"name\":\"Privacy Policy\"}]},{\"@type\":\"WebSite\",\"@id\":\"https:\\\/\\\/skarsnutenhotel.no\\\/#website\",\"url\":\"https:\\\/\\\/skarsnutenhotel.no\\\/\",\"name\":\"Skarsnuten Hotel\",\"description\":\"Velkommen til Skarsnuten Hotel\",\"publisher\":{\"@id\":\"https:\\\/\\\/skarsnutenhotel.no\\\/#organization\"},\"potentialAction\":[{\"@type\":\"SearchAction\",\"target\":{\"@type\":\"EntryPoint\",\"urlTemplate\":\"https:\\\/\\\/skarsnutenhotel.no\\\/?s={search_term_string}\"},\"query-input\":{\"@type\":\"PropertyValueSpecification\",\"valueRequired\":true,\"valueName\":\"search_term_string\"}}],\"inLanguage\":\"en-US\"},{\"@type\":\"Organization\",\"@id\":\"https:\\\/\\\/skarsnutenhotel.no\\\/#organization\",\"name\":\"Skarsnuten Hotel\",\"url\":\"https:\\\/\\\/skarsnutenhotel.no\\\/\",\"logo\":{\"@type\":\"ImageObject\",\"inLanguage\":\"en-US\",\"@id\":\"https:\\\/\\\/skarsnutenhotel.no\\\/#\\\/schema\\\/logo\\\/image\\\/\",\"url\":\"https:\\\/\\\/skarsnutenhotel.no\\\/wp-content\\\/uploads\\\/2019\\\/09\\\/skarsnuten_hotell-logosymbol-web-black.png\",\"contentUrl\":\"https:\\\/\\\/skarsnutenhotel.no\\\/wp-content\\\/uploads\\\/2019\\\/09\\\/skarsnuten_hotell-logosymbol-web-black.png\",\"width\":192,\"height\":192,\"caption\":\"Skarsnuten Hotel\"},\"image\":{\"@id\":\"https:\\\/\\\/skarsnutenhotel.no\\\/#\\\/schema\\\/logo\\\/image\\\/\"},\"sameAs\":[\"https:\\\/\\\/www.facebook.com\\\/skarsnuten\",\"https:\\\/\\\/www.instagram.com\\\/skarsnuten\\\/\"]}]}<\/script>\n<!-- \/ Yoast SEO plugin. -->","yoast_head_json":{"title":"Privacy Policy - Skarsnuten Hotel","robots":{"index":"index","follow":"follow","max-snippet":"max-snippet:-1","max-image-preview":"max-image-preview:large","max-video-preview":"max-video-preview:-1"},"canonical":"https:\/\/skarsnutenhotel.no\/en\/privacy-policy\/","og_locale":"en_US","og_type":"article","og_title":"Privacy Policy - Skarsnuten Hotel","og_description":"Privacy Policy Hvem vi er V\u00e5r nettstedsadresse er: https:\/\/skarsnutenhotell.no\/ \u00a0 Hvilke personopplysninger vi samler inn og hvorfor vi samler de inn Kommentarer N\u00e5r bes\u00f8kende legger inn kommentarer p\u00e5 siden, lagres informasjonen gitt inn i kommentarskjemaet i tillegg til IP-adressen til den bes\u00f8kende og den bes\u00f8kendes nettleserversjon. Dette gj\u00f8res for \u00e5 bidra til \u00e5 unng\u00e5 useri\u00f8se [&hellip;]","og_url":"https:\/\/skarsnutenhotel.no\/en\/privacy-policy\/","og_site_name":"Skarsnuten Hotel","article_publisher":"https:\/\/www.facebook.com\/skarsnuten","article_modified_time":"2019-10-02T10:27:24+00:00","og_image":[{"width":1920,"height":1280,"url":"https:\/\/skarsnutenhotel.no\/wp-content\/uploads\/2019\/09\/Hemsedal-ht022010-99-540_1920- Foto_Nils-Erik_Bj\u00f8rholt-1.jpg","type":"image\/jpeg"}],"twitter_card":"summary_large_image","twitter_misc":{"Est. reading time":"7 minutes"},"schema":{"@context":"https:\/\/schema.org","@graph":[{"@type":"WebPage","@id":"https:\/\/skarsnutenhotel.no\/en\/privacy-policy\/","url":"https:\/\/skarsnutenhotel.no\/en\/privacy-policy\/","name":"Privacy Policy - Skarsnuten Hotel","isPartOf":{"@id":"https:\/\/skarsnutenhotel.no\/#website"},"datePublished":"2019-09-14T22:00:35+00:00","dateModified":"2019-10-02T10:27:24+00:00","breadcrumb":{"@id":"https:\/\/skarsnutenhotel.no\/en\/privacy-policy\/#breadcrumb"},"inLanguage":"en-US","potentialAction":[{"@type":"ReadAction","target":["https:\/\/skarsnutenhotel.no\/en\/privacy-policy\/"]}]},{"@type":"BreadcrumbList","@id":"https:\/\/skarsnutenhotel.no\/en\/privacy-policy\/#breadcrumb","itemListElement":[{"@type":"ListItem","position":1,"name":"Hjem","item":"https:\/\/skarsnutenhotel.no\/"},{"@type":"ListItem","position":2,"name":"Privacy Policy"}]},{"@type":"WebSite","@id":"https:\/\/skarsnutenhotel.no\/#website","url":"https:\/\/skarsnutenhotel.no\/","name":"Skarsnuten Hotel","description":"Velkommen til Skarsnuten Hotel","publisher":{"@id":"https:\/\/skarsnutenhotel.no\/#organization"},"potentialAction":[{"@type":"SearchAction","target":{"@type":"EntryPoint","urlTemplate":"https:\/\/skarsnutenhotel.no\/?s={search_term_string}"},"query-input":{"@type":"PropertyValueSpecification","valueRequired":true,"valueName":"search_term_string"}}],"inLanguage":"en-US"},{"@type":"Organization","@id":"https:\/\/skarsnutenhotel.no\/#organization","name":"Skarsnuten Hotel","url":"https:\/\/skarsnutenhotel.no\/","logo":{"@type":"ImageObject","inLanguage":"en-US","@id":"https:\/\/skarsnutenhotel.no\/#\/schema\/logo\/image\/","url":"https:\/\/skarsnutenhotel.no\/wp-content\/uploads\/2019\/09\/skarsnuten_hotell-logosymbol-web-black.png","contentUrl":"https:\/\/skarsnutenhotel.no\/wp-content\/uploads\/2019\/09\/skarsnuten_hotell-logosymbol-web-black.png","width":192,"height":192,"caption":"Skarsnuten Hotel"},"image":{"@id":"https:\/\/skarsnutenhotel.no\/#\/schema\/logo\/image\/"},"sameAs":["https:\/\/www.facebook.com\/skarsnuten","https:\/\/www.instagram.com\/skarsnuten\/"]}]}},"_links":{"self":[{"href":"https:\/\/skarsnutenhotel.no\/en\/wp-json\/wp\/v2\/pages\/5292","targetHints":{"allow":["GET"]}}],"collection":[{"href":"https:\/\/skarsnutenhotel.no\/en\/wp-json\/wp\/v2\/pages"}],"about":[{"href":"https:\/\/skarsnutenhotel.no\/en\/wp-json\/wp\/v2\/types\/page"}],"author":[{"embeddable":true,"href":"https:\/\/skarsnutenhotel.no\/en\/wp-json\/wp\/v2\/users\/8187"}],"replies":[{"embeddable":true,"href":"https:\/\/skarsnutenhotel.no\/en\/wp-json\/wp\/v2\/comments?post=5292"}],"version-history":[{"count":2,"href":"https:\/\/skarsnutenhotel.no\/en\/wp-json\/wp\/v2\/pages\/5292\/revisions"}],"predecessor-version":[{"id":5294,"href":"https:\/\/skarsnutenhotel.no\/en\/wp-json\/wp\/v2\/pages\/5292\/revisions\/5294"}],"wp:attachment":[{"href":"https:\/\/skarsnutenhotel.no\/en\/wp-json\/wp\/v2\/media?parent=5292"}],"curies":[{"name":"wp","href":"https:\/\/api.w.org\/{rel}","templated":true}]}}